{"id":143,"date":"2020-11-05T12:01:59","date_gmt":"2020-11-05T12:01:59","guid":{"rendered":"https:\/\/ausstellungen.peterweisshaus.de\/?page_id=143"},"modified":"2020-11-26T11:41:13","modified_gmt":"2020-11-26T11:41:13","slug":"katalog","status":"publish","type":"page","link":"https:\/\/ausstellungen.peterweisshaus.de\/index.php\/katalog\/","title":{"rendered":"Katalog"},"content":{"rendered":"\n<p class=\"has-white-background-color has-background has-small-font-size\">Der digitale Katalog zur Ausstellung &#8222;Kunst gegen den Stillstand&#8220; bietet eine \u00dcbersicht \u00fcber alle beteiligten K\u00fcnstler:innen und ihre Werke. Der Aufbau des Katalogs orientiert sich am Aufbau der Ausstellung selbst. <\/p>\n\n\n\n<iframe loading=\"lazy\" width=\"620px\" height=\"484px\" src=\"https:\/\/www.yumpu.com\/de\/embed\/view\/2BhzfKQ1mUiJLV0I\" frameborder=\"0\" allowfullscreen=\"true\" allowtransparency=\"true\"><\/iframe>\n","protected":false},"excerpt":{"rendered":"<p>Der digitale Katalog zur Ausstellung &#8222;Kunst gegen den Stillstand&#8220; bietet eine \u00dcbersicht \u00fcber alle beteiligten K\u00fcnstler:innen und ihre Werke. Der Aufbau des Katalogs orientiert sich am Aufbau der&#8230;<\/p>\n","protected":false},"author":2,"featured_media":0,"parent":0,"menu_order":0,"comment_status":"closed","ping_status":"closed","template":"","meta":{"footnotes":""},"class_list":["post-143","page","type-page","status-publish","hentry"],"_links":{"self":[{"href":"https:\/\/ausstellungen.peterweisshaus.de\/index.php\/wp-json\/wp\/v2\/pages\/143","targetHints":{"allow":["GET"]}}],"collection":[{"href":"https:\/\/ausstellungen.peterweisshaus.de\/index.php\/wp-json\/wp\/v2\/pages"}],"about":[{"href":"https:\/\/ausstellungen.peterweisshaus.de\/index.php\/wp-json\/wp\/v2\/types\/page"}],"author":[{"embeddable":true,"href":"https:\/\/ausstellungen.peterweisshaus.de\/index.php\/wp-json\/wp\/v2\/users\/2"}],"replies":[{"embeddable":true,"href":"https:\/\/ausstellungen.peterweisshaus.de\/index.php\/wp-json\/wp\/v2\/comments?post=143"}],"version-history":[{"count":4,"href":"https:\/\/ausstellungen.peterweisshaus.de\/index.php\/wp-json\/wp\/v2\/pages\/143\/revisions"}],"predecessor-version":[{"id":172,"href":"https:\/\/ausstellungen.peterweisshaus.de\/index.php\/wp-json\/wp\/v2\/pages\/143\/revisions\/172"}],"wp:attachment":[{"href":"https:\/\/ausstellungen.peterweisshaus.de\/index.php\/wp-json\/wp\/v2\/media?parent=143"}],"curies":[{"name":"wp","href":"https:\/\/api.w.org\/{rel}","templated":true}]}}